{"id":8155,"date":"2020-03-01T19:59:09","date_gmt":"2020-03-01T17:59:09","guid":{"rendered":"http:\/\/www.sv-weidenberg.de\/?page_id=8155"},"modified":"2020-03-01T20:45:52","modified_gmt":"2020-03-01T18:45:52","slug":"strecken-des-nordic-walking-events","status":"publish","type":"page","link":"https:\/\/www.sv-weidenberg.de\/?page_id=8155","title":{"rendered":"Strecken des Nordic Walking Events"},"content":{"rendered":"<p><span style=\"font-family: verdana, geneva; font-size: 12pt; color: #000000;\">Zum Vergr\u00f6\u00dfern bitte das jeweilige Bild anklicken.<\/span><\/p>\n<ul>\n<li><span style=\"color: #000000; font-family: verdana, geneva; font-size: 12pt;\">Schwarze Markierung, 21 km<\/span><br \/>\n<span style=\"color: #000000; font-family: verdana, geneva; font-size: 12pt;\"><span style=\"color: #000000; font-family: verdana, geneva; font-size: 12pt;\"><span style=\"color: #000000; font-family: verdana, geneva; font-size: 12pt;\"><span style=\"color: #000000;\"><a href=\"https:\/\/www.sv-weidenberg.de\/wp-content\/uploads\/215km.jpg\"><img loading=\"lazy\" decoding=\"async\" class=\"alignnone size-medium wp-image-9527\" src=\"https:\/\/www.sv-weidenberg.de\/wp-content\/uploads\/215km-300x290.jpg\" alt=\"21,5km\" width=\"300\" height=\"290\" srcset=\"https:\/\/www.sv-weidenberg.de\/wp-content\/uploads\/215km-300x290.jpg 300w, https:\/\/www.sv-weidenberg.de\/wp-content\/uploads\/215km-1024x991.jpg 1024w, https:\/\/www.sv-weidenberg.de\/wp-content\/uploads\/215km-1x1.jpg 1w, https:\/\/www.sv-weidenberg.de\/wp-content\/uploads\/215km.jpg 1907w\" sizes=\"auto, (max-width: 300px) 100vw, 300px\" \/><\/p>\n<p><\/a><\/span><\/span><\/span><\/span><\/li>\n<li><span style=\"color: rgb(0, 0, 0);\"><span style=\"font-family: verdana, geneva; font-size: 12pt;\">Rote Markierung, 15 km<\/span><\/span><br \/>\n<span style=\"color: #000000; font-family: verdana, geneva; font-size: 12pt;\"><span style=\"color: #000000; font-family: verdana, geneva; font-size: 12pt;\"><span style=\"color: #000000;\"><a href=\"https:\/\/www.sv-weidenberg.de\/wp-content\/uploads\/15km.jpg\"><img loading=\"lazy\" decoding=\"async\" class=\"alignnone size-medium wp-image-9525\" src=\"https:\/\/www.sv-weidenberg.de\/wp-content\/uploads\/15km-289x300.jpg\" alt=\"15km\" width=\"289\" height=\"300\" srcset=\"https:\/\/www.sv-weidenberg.de\/wp-content\/uploads\/15km-289x300.jpg 289w, https:\/\/www.sv-weidenberg.de\/wp-content\/uploads\/15km-987x1024.jpg 987w, https:\/\/www.sv-weidenberg.de\/wp-content\/uploads\/15km-1x1.jpg 1w, https:\/\/www.sv-weidenberg.de\/wp-content\/uploads\/15km.jpg 1781w\" sizes=\"auto, (max-width: 289px) 100vw, 289px\" \/><\/p>\n<p><\/a><\/span><\/span><\/span><\/li>\n<li><span style=\"color: #000000;\"><span style=\"font-family: verdana, geneva; font-size: 12pt;\">Gr\u00fcne Markierung, 10 km<\/span><\/span><br \/>\n<span style=\"color: #000000; font-family: verdana, geneva; font-size: 12pt;\"><span style=\"color: #000000; font-family: verdana, geneva; font-size: 12pt;\"> <a href=\"https:\/\/www.sv-weidenberg.de\/wp-content\/uploads\/10km.jpg\"><span style=\"color: #000000;\"><img loading=\"lazy\" decoding=\"async\" class=\"alignnone size-medium wp-image-9523\" src=\"https:\/\/www.sv-weidenberg.de\/wp-content\/uploads\/10km-300x258.jpg\" alt=\"10km\" width=\"300\" height=\"258\" srcset=\"https:\/\/www.sv-weidenberg.de\/wp-content\/uploads\/10km-300x258.jpg 300w, https:\/\/www.sv-weidenberg.de\/wp-content\/uploads\/10km-1024x882.jpg 1024w, https:\/\/www.sv-weidenberg.de\/wp-content\/uploads\/10km-1x1.jpg 1w, https:\/\/www.sv-weidenberg.de\/wp-content\/uploads\/10km.jpg 1869w\" sizes=\"auto, (max-width: 300px) 100vw, 300px\" \/><\/p>\n<p><\/span><\/a><\/span><\/span><\/li>\n<li><span style=\"color: #000000;\"><span style=\"font-family: verdana, geneva; font-size: 12pt;\">Gelbe Markierung, 7 km<\/span><\/span><br \/>\n<span style=\"color: #000000; font-family: verdana, geneva; font-size: 12pt;\"> <a href=\"https:\/\/www.sv-weidenberg.de\/wp-content\/uploads\/7km.jpg\"><span style=\"color: #000000;\"><img loading=\"lazy\" decoding=\"async\" class=\"alignnone size-medium wp-image-9521\" src=\"https:\/\/www.sv-weidenberg.de\/wp-content\/uploads\/7km-300x243.jpg\" alt=\"7km\" width=\"300\" height=\"243\" srcset=\"https:\/\/www.sv-weidenberg.de\/wp-content\/uploads\/7km-300x243.jpg 300w, https:\/\/www.sv-weidenberg.de\/wp-content\/uploads\/7km-1024x830.jpg 1024w, https:\/\/www.sv-weidenberg.de\/wp-content\/uploads\/7km-1x1.jpg 1w, https:\/\/www.sv-weidenberg.de\/wp-content\/uploads\/7km.jpg 1852w\" sizes=\"auto, (max-width: 300px) 100vw, 300px\" \/><\/span><\/a><\/span><\/li>\n<\/ul>\n","protected":false},"excerpt":{"rendered":"<p>Zum Vergr\u00f6\u00dfern bitte das jeweilige Bild anklicken. Schwarze Markierung, 21 km Rote Markierung, 15 km Gr\u00fcne Markierung, 10 km Gelbe Markierung, 7 km<\/p>\n","protected":false},"author":4,"featured_media":0,"parent":0,"menu_order":0,"comment_status":"closed","ping_status":"closed","template":"","meta":{"ngg_post_thumbnail":0,"footnotes":""},"class_list":["post-8155","page","type-page","status-publish","hentry"],"_links":{"self":[{"href":"https:\/\/www.sv-weidenberg.de\/index.php?rest_route=\/wp\/v2\/pages\/8155","targetHints":{"allow":["GET"]}}],"collection":[{"href":"https:\/\/www.sv-weidenberg.de\/index.php?rest_route=\/wp\/v2\/pages"}],"about":[{"href":"https:\/\/www.sv-weidenberg.de\/index.php?rest_route=\/wp\/v2\/types\/page"}],"author":[{"embeddable":true,"href":"https:\/\/www.sv-weidenberg.de\/index.php?rest_route=\/wp\/v2\/users\/4"}],"replies":[{"embeddable":true,"href":"https:\/\/www.sv-weidenberg.de\/index.php?rest_route=%2Fwp%2Fv2%2Fcomments&post=8155"}],"version-history":[{"count":42,"href":"https:\/\/www.sv-weidenberg.de\/index.php?rest_route=\/wp\/v2\/pages\/8155\/revisions"}],"predecessor-version":[{"id":9547,"href":"https:\/\/www.sv-weidenberg.de\/index.php?rest_route=\/wp\/v2\/pages\/8155\/revisions\/9547"}],"wp:attachment":[{"href":"https:\/\/www.sv-weidenberg.de\/index.php?rest_route=%2Fwp%2Fv2%2Fmedia&parent=8155"}],"curies":[{"name":"wp","href":"https:\/\/api.w.org\/{rel}","templated":true}]}}