{"id":36,"date":"2014-05-22T18:03:22","date_gmt":"2014-05-22T16:03:22","guid":{"rendered":"http:\/\/localhost\/svw\/?page_id=36"},"modified":"2024-11-27T20:38:15","modified_gmt":"2024-11-27T18:38:15","slug":"fussball-e-jugend","status":"publish","type":"page","link":"https:\/\/www.sv-weidenberg.de\/?page_id=36","title":{"rendered":"Fussball E-Jugend"},"content":{"rendered":"<h2><span style=\"color: #000000;\">Mannschaft<\/span><\/h2>\n<h1 style=\"text-align: center;\"><span style=\"color: #000000; background-color: #ff9900;\"><strong>E &#8211; Jugend Saison 2024\/2025<\/strong><\/span><\/h1>\n<p style=\"text-align: center;\"><\/p>\n<figure class=\"wp-block-image size-large\"><a href=\"https:\/\/www.sv-weidenberg.de\/wp-content\/uploads\/IMG-20241121-WA0002.jpg\"><img loading=\"lazy\" decoding=\"async\" width=\"1024\" height=\"532\" class=\"wp-image-10820\" src=\"https:\/\/www.sv-weidenberg.de\/wp-content\/uploads\/IMG-20241121-WA0002-1024x532.jpg\" alt=\"\" srcset=\"https:\/\/www.sv-weidenberg.de\/wp-content\/uploads\/IMG-20241121-WA0002-1024x532.jpg 1024w, https:\/\/www.sv-weidenberg.de\/wp-content\/uploads\/IMG-20241121-WA0002-300x156.jpg 300w, https:\/\/www.sv-weidenberg.de\/wp-content\/uploads\/IMG-20241121-WA0002-768x399.jpg 768w, https:\/\/www.sv-weidenberg.de\/wp-content\/uploads\/IMG-20241121-WA0002-1536x798.jpg 1536w, https:\/\/www.sv-weidenberg.de\/wp-content\/uploads\/IMG-20241121-WA0002-2x1.jpg 2w, https:\/\/www.sv-weidenberg.de\/wp-content\/uploads\/IMG-20241121-WA0002.jpg 2028w\" sizes=\"auto, (max-width: 1024px) 100vw, 1024px\" \/><\/a><\/figure>\n<p style=\"text-align: center;\"><\/p>\n<p>Die E-Jugend Fu\u00dfballerinnen und Fu\u00dfballer des SV Weidenberg freuten sich am 8. November 2024 \u00fcber prominenten Besuch w\u00e4hrend ihres Trainings.<\/p>\n<p>Auf Grund ihrer sehr erfolgreich abgeschlossenen Herbstsaison lie\u00df es sich Weidenbergs zweiter B\u00fcrgermeister G\u00fcnter D\u00f6rfler nicht nehmen, den Kindern pers\u00f6nlich zu ihrer tollen Leistung zu gratulieren und den Jugendtrainern Adrian Kolb und Jan Wolfrat f\u00fcr ihr Engagement zu danken.<br>Die E-Jugendmannschaft hatte mit sechs Siegen in sechs Spielen souver\u00e4n die Herbstmeisterschaft nach Weidenberg geholt und freut sich nun auf eine hoffentlich ebenso erfolgreiche Fr\u00fchjahrssaison.&nbsp;<\/p>\n<p style=\"text-align: center;\">&nbsp;<\/p>\n<h2><span style=\"color: #000000;\">Info<\/span><\/h2>\n<p><a href=\"https:\/\/www.sv-weidenberg.de\/?page_id=173\" target=\"_blank\" rel=\"noopener\"><span style=\"background-color: #00ccff; color: #000000;\">Kontakt<\/span><\/a>&nbsp; (Trainer)<\/p>\n<p><span style=\"background-color: #00ccff;\"><a style=\"background-color: #00ccff;\" href=\"https:\/\/www.bfv.de\/textsuche?query=sv%20weidenberg#google_vignette\" target=\"_blank\" rel=\"noopener\"><span style=\"color: #000000;\">Ergebnisse und Tabellen<\/span><\/a><\/span><\/p>\n\n","protected":false},"excerpt":{"rendered":"<p>Mannschaft E &#8211; Jugend Saison 2024\/2025 Die E-Jugend Fu\u00dfballerinnen und Fu\u00dfballer des SV Weidenberg freuten sich am 8. November 2024 \u00fcber prominenten Besuch w\u00e4hrend ihres Trainings. Auf Grund ihrer sehr erfolgreich abgeschlossenen Herbstsaison lie\u00df es sich Weidenbergs zweiter B\u00fcrgermeister G\u00fcnter D\u00f6rfler nicht nehmen, den Kindern pers\u00f6nlich zu ihrer tollen Leistung zu gratulieren und den Jugendtrainern [&hellip;]<\/p>\n","protected":false},"author":1,"featured_media":0,"parent":0,"menu_order":0,"comment_status":"closed","ping_status":"closed","template":"page-templates\/full-width.php","meta":{"ngg_post_thumbnail":0,"footnotes":""},"class_list":["post-36","page","type-page","status-publish","hentry"],"_links":{"self":[{"href":"https:\/\/www.sv-weidenberg.de\/index.php?rest_route=\/wp\/v2\/pages\/36","targetHints":{"allow":["GET"]}}],"collection":[{"href":"https:\/\/www.sv-weidenberg.de\/index.php?rest_route=\/wp\/v2\/pages"}],"about":[{"href":"https:\/\/www.sv-weidenberg.de\/index.php?rest_route=\/wp\/v2\/types\/page"}],"author":[{"embeddable":true,"href":"https:\/\/www.sv-weidenberg.de\/index.php?rest_route=\/wp\/v2\/users\/1"}],"replies":[{"embeddable":true,"href":"https:\/\/www.sv-weidenberg.de\/index.php?rest_route=%2Fwp%2Fv2%2Fcomments&post=36"}],"version-history":[{"count":83,"href":"https:\/\/www.sv-weidenberg.de\/index.php?rest_route=\/wp\/v2\/pages\/36\/revisions"}],"predecessor-version":[{"id":10821,"href":"https:\/\/www.sv-weidenberg.de\/index.php?rest_route=\/wp\/v2\/pages\/36\/revisions\/10821"}],"wp:attachment":[{"href":"https:\/\/www.sv-weidenberg.de\/index.php?rest_route=%2Fwp%2Fv2%2Fmedia&parent=36"}],"curies":[{"name":"wp","href":"https:\/\/api.w.org\/{rel}","templated":true}]}}