{"id":27,"date":"2014-05-22T17:45:46","date_gmt":"2014-05-22T15:45:46","guid":{"rendered":"http:\/\/localhost\/svw\/?page_id=27"},"modified":"2018-09-24T12:07:28","modified_gmt":"2018-09-24T10:07:28","slug":"fussball-jugend","status":"publish","type":"page","link":"https:\/\/www.sv-weidenberg.de\/?page_id=27","title":{"rendered":"Fussball Jugend von den Bambinis bis A &#8211; Jugend"},"content":{"rendered":"<p style=\"text-align: center;\"><img loading=\"lazy\" decoding=\"async\" class=\"alignleft wp-image-1173 size-thumbnail\" src=\"https:\/\/www.sv-weidenberg.de\/wp-content\/uploads\/Logo-SVW-150x150.png\" alt=\"Logo SVW\" width=\"150\" height=\"150\" srcset=\"https:\/\/www.sv-weidenberg.de\/wp-content\/uploads\/Logo-SVW-150x150.png 150w, https:\/\/www.sv-weidenberg.de\/wp-content\/uploads\/Logo-SVW-1x1.png 1w, https:\/\/www.sv-weidenberg.de\/wp-content\/uploads\/Logo-SVW.png 225w\" sizes=\"auto, (max-width: 150px) 100vw, 150px\" \/><\/p>\n<p style=\"text-align: center;\"><a href=\"https:\/\/www.sv-weidenberg.de\/wp-content\/uploads\/Logo-SVW.png\"><img loading=\"lazy\" decoding=\"async\" class=\"alignright wp-image-1173 size-thumbnail\" src=\"https:\/\/www.sv-weidenberg.de\/wp-content\/uploads\/Logo-SVW-150x150.png\" alt=\"Logo SVW\" width=\"150\" height=\"150\" srcset=\"https:\/\/www.sv-weidenberg.de\/wp-content\/uploads\/Logo-SVW-150x150.png 150w, https:\/\/www.sv-weidenberg.de\/wp-content\/uploads\/Logo-SVW-1x1.png 1w, https:\/\/www.sv-weidenberg.de\/wp-content\/uploads\/Logo-SVW.png 225w\" sizes=\"auto, (max-width: 150px) 100vw, 150px\" \/><\/a><\/p>\n<p style=\"text-align: center;\"><span style=\"font-size: 14pt;\"><strong><a title=\"Fussball G-Jugend\" href=\"https:\/\/www.sv-weidenberg.de\/?page_id=87\" target=\"_blank\"><span style=\"color: #000000; background-color: #33cccc;\">G &#8211; Jugend (Bambinis U7)<\/span><\/a><\/strong><\/span><\/p>\n<p style=\"text-align: center;\"><span style=\"font-size: 14pt;\"><strong><a title=\"Fussball F-Jugend\" href=\"https:\/\/www.sv-weidenberg.de\/?page_id=85\" target=\"_blank\"><span style=\"color: #000000; background-color: #99cc00;\">F &#8211; Jugend (U8\/9)<\/span><\/a><\/strong><\/span><\/p>\n<p style=\"text-align: center;\"><span style=\"font-size: 14pt;\"><strong><a title=\"Fussball E-Jugend\" href=\"https:\/\/www.sv-weidenberg.de\/?page_id=36\" target=\"_blank\"><span style=\"color: #000000; background-color: #ff9900;\">E &#8211; Jugend (U10\/11)<\/span><\/a><\/strong><\/span><\/p>\n<p style=\"text-align: center;\"><strong><span style=\"color: #000000;\"><a href=\"https:\/\/www.sv-weidenberg.de\/?page_id=1103\" target=\"_blank\"><span style=\"text-decoration: underline; color: #000000;\">Trainings- und Regelspielzeiten<\/span><\/a><\/span><\/strong><\/p>\n<p><strong><span style=\"color: #000000;\">Ab der D &#8211; Jugend geh\u00f6ren wir der JFG Fichtelgebirge an. Die JFG Fichtelgebirge besteht aus 5 Stammvereine. SV Weidenberg, ASV Nemmersdorf, Spvvg Goldkronach, TSV Bad Berneck und der SV R\u00f6hrenhof geh\u00f6ren der JFG Fichtelgebirge an. <span style=\"background-color: #ffffff; color: #339966;\"><a href=\"http:\/\/www.jfg-fichtelgebirge.eu\/\" target=\"_blank\"><span style=\"background-color: #ffffff; color: #339966;\">F\u00fcr mehr Infos hier klicken<\/span><\/a>.<\/span><\/span><br \/>\n<\/strong><\/p>\n<p>&nbsp;<\/p>\n<p style=\"text-align: center;\"><span style=\"text-decoration: underline;\"><span style=\"font-size: 14pt; background-color: #ffffff;\"><strong><a href=\"http:\/\/www.jfg-fichtelgebirge.eu\/teams\/d-jugend\/\" target=\"_blank\"><span style=\"color: #000000; background-color: #ffffff; text-decoration: underline;\">D &#8211; Jugend (U12\/13)<\/span><\/a><\/strong><\/span><\/span><\/p>\n<p style=\"text-align: center;\"><span style=\"text-decoration: underline;\"><span style=\"font-size: 14pt; background-color: #ffffff;\"><strong><a href=\"http:\/\/www.jfg-fichtelgebirge.eu\/teams\/c-jugend\/\" target=\"_blank\"><span style=\"color: #000000; background-color: #ffffff; text-decoration: underline;\">C &#8211; Jugend (U14\/15)<\/span><\/a><\/strong><\/span><\/span><\/p>\n<p style=\"text-align: center;\"><span style=\"text-decoration: underline;\"><span style=\"font-size: 14pt; background-color: #ffffff;\"><strong><a href=\"http:\/\/www.jfg-fichtelgebirge.eu\/teams\/b-jugend\/\" target=\"_blank\"><span style=\"color: #000000; background-color: #ffffff; text-decoration: underline;\">B &#8211; Jugend (U16\/17)<\/span><\/a><\/strong><\/span><\/span><\/p>\n<p style=\"text-align: center;\"><span style=\"text-decoration: underline;\"><span style=\"font-size: 14pt; background-color: #ffffff;\"><strong><a href=\"http:\/\/www.jfg-fichtelgebirge.eu\/teams\/a-jugend\/\" target=\"_blank\"><span style=\"color: #000000; background-color: #ffffff; text-decoration: underline;\">A &#8211; Jugend (U18\/19)<\/span><\/a><\/strong><\/span><\/span><\/p>\n<p><span style=\"color: #000000;\"><strong>Bei Fragen einfach melden an:<\/strong><\/span><\/p>\n<p><span style=\"color: #000000;\">Martin Kohlschmidt<\/span><\/p>\n<p><span style=\"color: #000000;\">09278\/313155<\/span><\/p>\n<p><span style=\"color: #000000;\">0171\/9304063<\/span><\/p>\n<p><span style=\"color: #000000;\"><a href=\"mailto:martin.kohlschmidt@outlook.de\"><span style=\"text-decoration: underline; color: #000000;\"><span style=\"color: #0000ff; text-decoration: underline;\">martin.kohlschmidt@outlook.de<\/span><\/span><\/a>\u00a0<\/span><\/p>\n<p>&nbsp;<\/p>\n","protected":false},"excerpt":{"rendered":"<p>G &#8211; Jugend (Bambinis U7) F &#8211; Jugend (U8\/9) E &#8211; Jugend (U10\/11) Trainings- und Regelspielzeiten Ab der D &#8211; Jugend geh\u00f6ren wir der JFG Fichtelgebirge an. Die JFG Fichtelgebirge besteht aus 5 Stammvereine. SV Weidenberg, ASV Nemmersdorf, Spvvg Goldkronach, TSV Bad Berneck und der SV R\u00f6hrenhof geh\u00f6ren der JFG Fichtelgebirge an. F\u00fcr mehr Infos [&hellip;]<\/p>\n","protected":false},"author":1,"featured_media":0,"parent":0,"menu_order":0,"comment_status":"closed","ping_status":"closed","template":"page-templates\/full-width.php","meta":{"ngg_post_thumbnail":0,"footnotes":""},"class_list":["post-27","page","type-page","status-publish","hentry"],"_links":{"self":[{"href":"https:\/\/www.sv-weidenberg.de\/index.php?rest_route=\/wp\/v2\/pages\/27","targetHints":{"allow":["GET"]}}],"collection":[{"href":"https:\/\/www.sv-weidenberg.de\/index.php?rest_route=\/wp\/v2\/pages"}],"about":[{"href":"https:\/\/www.sv-weidenberg.de\/index.php?rest_route=\/wp\/v2\/types\/page"}],"author":[{"embeddable":true,"href":"https:\/\/www.sv-weidenberg.de\/index.php?rest_route=\/wp\/v2\/users\/1"}],"replies":[{"embeddable":true,"href":"https:\/\/www.sv-weidenberg.de\/index.php?rest_route=%2Fwp%2Fv2%2Fcomments&post=27"}],"version-history":[{"count":16,"href":"https:\/\/www.sv-weidenberg.de\/index.php?rest_route=\/wp\/v2\/pages\/27\/revisions"}],"predecessor-version":[{"id":6958,"href":"https:\/\/www.sv-weidenberg.de\/index.php?rest_route=\/wp\/v2\/pages\/27\/revisions\/6958"}],"wp:attachment":[{"href":"https:\/\/www.sv-weidenberg.de\/index.php?rest_route=%2Fwp%2Fv2%2Fmedia&parent=27"}],"curies":[{"name":"wp","href":"https:\/\/api.w.org\/{rel}","templated":true}]}}