{"id":11044,"date":"2026-02-13T19:11:03","date_gmt":"2026-02-13T17:11:03","guid":{"rendered":"https:\/\/www.sv-weidenberg.de\/?page_id=11044"},"modified":"2026-02-13T19:24:03","modified_gmt":"2026-02-13T17:24:03","slug":"projekt-flutlicht","status":"publish","type":"page","link":"https:\/\/www.sv-weidenberg.de\/?page_id=11044","title":{"rendered":"Projekt Flutlicht"},"content":{"rendered":"\n<figure class=\"wp-block-image size-large\"><a href=\"https:\/\/www.hudson-gmbh.de\" target=\"_blank\" rel=\" noreferrer noopener\"><img loading=\"lazy\" decoding=\"async\" width=\"1024\" height=\"720\" src=\"https:\/\/www.sv-weidenberg.de\/wp-content\/uploads\/Hudon_Logo_gross-1024x720.png\" alt=\"\" class=\"wp-image-11045\" srcset=\"https:\/\/www.sv-weidenberg.de\/wp-content\/uploads\/Hudon_Logo_gross-1024x720.png 1024w, https:\/\/www.sv-weidenberg.de\/wp-content\/uploads\/Hudon_Logo_gross-300x211.png 300w, https:\/\/www.sv-weidenberg.de\/wp-content\/uploads\/Hudon_Logo_gross-768x540.png 768w, https:\/\/www.sv-weidenberg.de\/wp-content\/uploads\/Hudon_Logo_gross-1x1.png 1w, https:\/\/www.sv-weidenberg.de\/wp-content\/uploads\/Hudon_Logo_gross.png 1132w\" sizes=\"auto, (max-width: 1024px) 100vw, 1024px\" \/><\/a><\/figure>\n\n\n\n<p><strong>Minimierung des Energieverbrauchs, Optimierung der CO\u00b2-Bilanz und Verbesserung der Lichtqualit\u00e4t <\/strong>Link<\/p>\n<p><strong>Nationale Klimaschutzinitiative &nbsp; <\/strong><\/p>\n<p><strong>&nbsp; &nbsp; &nbsp; &nbsp;<\/strong><strong><br>&#8222;Mit der Nationalen Klimaschutzinitiative initiiert und f\u00f6rdert das Bundesumweltministerium seit 2008 zahlreiche Projekte, die einen Beitrag zur Senkung der Treibhausgasemissionen leisten. Ihre Programme und Projekte decken ein breites Spektrum an Klimaschutzaktivit\u00e4ten ab: Von der Entwicklung langfristiger Strategien bis hin zu konkreten Hilfestellungen und investiven F\u00f6rderma\u00dfnahmen. Diese Vielfalt ist Garant f\u00fcr gute Ideen. Die Nationale Klimaschutzinitiative tr\u00e4gt zu einer Verankerung des Klimaschutzes vor Ort bei. Von ihr profitieren Verbraucherinnen und Verbraucher ebenso wie Unternehmen, Kommunen oder Bildungseinrichtungen.&#8220;&nbsp;<\/strong><\/p>\n<p>Neu&nbsp; &nbsp; &nbsp; &nbsp; &nbsp; &nbsp; &nbsp; &nbsp; &nbsp; &nbsp; &nbsp; &nbsp; &nbsp; &nbsp; &nbsp; &nbsp; &nbsp; &nbsp; &nbsp; &nbsp; &nbsp; &nbsp; &nbsp; &nbsp; &nbsp; &nbsp; &nbsp; &nbsp; &nbsp; &nbsp; &nbsp; &nbsp; &nbsp; &nbsp; &nbsp; &nbsp; &nbsp;Alt<\/p>\n\n\n\n<figure class=\"wp-block-gallery has-nested-images columns-default is-cropped wp-block-gallery-1 is-layout-flex wp-block-gallery-is-layout-flex\">\n<figure class=\"wp-block-image size-large is-resized\"><a href=\"https:\/\/www.sv-weidenberg.de\/wp-content\/uploads\/Flutlicht_neu_klein.jpg\"><img loading=\"lazy\" decoding=\"async\" width=\"1024\" height=\"768\" data-id=\"11055\" src=\"https:\/\/www.sv-weidenberg.de\/wp-content\/uploads\/Flutlicht_neu_klein-1024x768.jpg\" alt=\"\" class=\"wp-image-11055\" style=\"width:339px;height:auto\" srcset=\"https:\/\/www.sv-weidenberg.de\/wp-content\/uploads\/Flutlicht_neu_klein-1024x768.jpg 1024w, https:\/\/www.sv-weidenberg.de\/wp-content\/uploads\/Flutlicht_neu_klein-300x225.jpg 300w, https:\/\/www.sv-weidenberg.de\/wp-content\/uploads\/Flutlicht_neu_klein-768x576.jpg 768w, https:\/\/www.sv-weidenberg.de\/wp-content\/uploads\/Flutlicht_neu_klein-1536x1152.jpg 1536w, https:\/\/www.sv-weidenberg.de\/wp-content\/uploads\/Flutlicht_neu_klein-1x1.jpg 1w, https:\/\/www.sv-weidenberg.de\/wp-content\/uploads\/Flutlicht_neu_klein.jpg 2016w\" sizes=\"auto, (max-width: 1024px) 100vw, 1024px\" \/><\/a><\/figure>\n\n\n\n<figure class=\"wp-block-image size-large is-resized\"><a href=\"https:\/\/www.sv-weidenberg.de\/wp-content\/uploads\/Flutlicht_alt.jpeg\"><img loading=\"lazy\" decoding=\"async\" width=\"1024\" height=\"768\" data-id=\"11054\" src=\"https:\/\/www.sv-weidenberg.de\/wp-content\/uploads\/Flutlicht_alt-1024x768.jpeg\" alt=\"\" class=\"wp-image-11054\" style=\"width:344px;height:auto\" srcset=\"https:\/\/www.sv-weidenberg.de\/wp-content\/uploads\/Flutlicht_alt-1024x768.jpeg 1024w, https:\/\/www.sv-weidenberg.de\/wp-content\/uploads\/Flutlicht_alt-300x225.jpeg 300w, https:\/\/www.sv-weidenberg.de\/wp-content\/uploads\/Flutlicht_alt-768x576.jpeg 768w, https:\/\/www.sv-weidenberg.de\/wp-content\/uploads\/Flutlicht_alt-1536x1152.jpeg 1536w, https:\/\/www.sv-weidenberg.de\/wp-content\/uploads\/Flutlicht_alt-1x1.jpeg 1w, https:\/\/www.sv-weidenberg.de\/wp-content\/uploads\/Flutlicht_alt.jpeg 1600w\" sizes=\"auto, (max-width: 1024px) 100vw, 1024px\" \/><\/a><\/figure>\n<\/figure>\n\n\n\n<figure class=\"wp-block-image size-large\"><a href=\"https:\/\/www.sv-weidenberg.de\/wp-content\/uploads\/ZUG_Seite_1.png\"><img loading=\"lazy\" decoding=\"async\" width=\"724\" height=\"1024\" src=\"https:\/\/www.sv-weidenberg.de\/wp-content\/uploads\/ZUG_Seite_1-724x1024.png\" alt=\"\" class=\"wp-image-11046\" srcset=\"https:\/\/www.sv-weidenberg.de\/wp-content\/uploads\/ZUG_Seite_1-724x1024.png 724w, https:\/\/www.sv-weidenberg.de\/wp-content\/uploads\/ZUG_Seite_1-212x300.png 212w, https:\/\/www.sv-weidenberg.de\/wp-content\/uploads\/ZUG_Seite_1-768x1086.png 768w, https:\/\/www.sv-weidenberg.de\/wp-content\/uploads\/ZUG_Seite_1-1086x1536.png 1086w, https:\/\/www.sv-weidenberg.de\/wp-content\/uploads\/ZUG_Seite_1-1x1.png 1w, https:\/\/www.sv-weidenberg.de\/wp-content\/uploads\/ZUG_Seite_1.png 1189w\" sizes=\"auto, (max-width: 724px) 100vw, 724px\" \/><\/a><\/figure>\n\n\n\n\n\n<figure class=\"wp-block-image size-large\"><a href=\"https:\/\/www.sv-weidenberg.de\/wp-content\/uploads\/ZUG_Seite_2.png\"><img loading=\"lazy\" decoding=\"async\" width=\"721\" height=\"1024\" src=\"https:\/\/www.sv-weidenberg.de\/wp-content\/uploads\/ZUG_Seite_2-721x1024.png\" alt=\"\" class=\"wp-image-11047\" srcset=\"https:\/\/www.sv-weidenberg.de\/wp-content\/uploads\/ZUG_Seite_2-721x1024.png 721w, https:\/\/www.sv-weidenberg.de\/wp-content\/uploads\/ZUG_Seite_2-211x300.png 211w, https:\/\/www.sv-weidenberg.de\/wp-content\/uploads\/ZUG_Seite_2-768x1091.png 768w, https:\/\/www.sv-weidenberg.de\/wp-content\/uploads\/ZUG_Seite_2-1081x1536.png 1081w, https:\/\/www.sv-weidenberg.de\/wp-content\/uploads\/ZUG_Seite_2-1x1.png 1w, https:\/\/www.sv-weidenberg.de\/wp-content\/uploads\/ZUG_Seite_2.png 1183w\" sizes=\"auto, (max-width: 721px) 100vw, 721px\" \/><\/a><\/figure>\n\n\n\n\n","protected":false},"excerpt":{"rendered":"<p>Minimierung des Energieverbrauchs, Optimierung der CO\u00b2-Bilanz und Verbesserung der Lichtqualit\u00e4t Link Nationale Klimaschutzinitiative &nbsp; &nbsp; &nbsp; &nbsp; &nbsp;&#8222;Mit der Nationalen Klimaschutzinitiative initiiert und f\u00f6rdert das Bundesumweltministerium seit 2008 zahlreiche Projekte, die einen Beitrag zur Senkung der Treibhausgasemissionen leisten. Ihre Programme und Projekte decken ein breites Spektrum an Klimaschutzaktivit\u00e4ten ab: Von der Entwicklung langfristiger Strategien bis [&hellip;]<\/p>\n","protected":false},"author":1,"featured_media":0,"parent":0,"menu_order":0,"comment_status":"closed","ping_status":"closed","template":"","meta":{"ngg_post_thumbnail":0,"footnotes":""},"class_list":["post-11044","page","type-page","status-publish","hentry"],"_links":{"self":[{"href":"https:\/\/www.sv-weidenberg.de\/index.php?rest_route=\/wp\/v2\/pages\/11044","targetHints":{"allow":["GET"]}}],"collection":[{"href":"https:\/\/www.sv-weidenberg.de\/index.php?rest_route=\/wp\/v2\/pages"}],"about":[{"href":"https:\/\/www.sv-weidenberg.de\/index.php?rest_route=\/wp\/v2\/types\/page"}],"author":[{"embeddable":true,"href":"https:\/\/www.sv-weidenberg.de\/index.php?rest_route=\/wp\/v2\/users\/1"}],"replies":[{"embeddable":true,"href":"https:\/\/www.sv-weidenberg.de\/index.php?rest_route=%2Fwp%2Fv2%2Fcomments&post=11044"}],"version-history":[{"count":6,"href":"https:\/\/www.sv-weidenberg.de\/index.php?rest_route=\/wp\/v2\/pages\/11044\/revisions"}],"predecessor-version":[{"id":11057,"href":"https:\/\/www.sv-weidenberg.de\/index.php?rest_route=\/wp\/v2\/pages\/11044\/revisions\/11057"}],"wp:attachment":[{"href":"https:\/\/www.sv-weidenberg.de\/index.php?rest_route=%2Fwp%2Fv2%2Fmedia&parent=11044"}],"curies":[{"name":"wp","href":"https:\/\/api.w.org\/{rel}","templated":true}]}}