{"id":10436,"date":"2023-11-07T11:48:44","date_gmt":"2023-11-07T09:48:44","guid":{"rendered":"https:\/\/www.sv-weidenberg.de\/?page_id=10436"},"modified":"2024-03-01T21:14:13","modified_gmt":"2024-03-01T19:14:13","slug":"u17-juniorinnen","status":"publish","type":"page","link":"https:\/\/www.sv-weidenberg.de\/?page_id=10436","title":{"rendered":"U17-Juniorinnen"},"content":{"rendered":"\n<p><span style=\"color: #000000;\">Seit der Saison 2021\/22 besteht zwischen dem TSV Bayreuth St. Johannis und dem SV Weidenberg eine Kooperation im Bereich des Frauen- und M\u00e4dchenfu\u00dfballs. Aktuell k\u00f6nnen wir in der U17 (Jahrgang 2007-2010) auf 21 M\u00e4dchen blicken, die motiviert ins Training kommen und bislang eine sehr erfolgreiche Saison in der Bezirksliga Ost auf dem Gro\u00dffeld spielen.&nbsp;<\/span><\/p>\n\n\n\n<figure class=\"wp-block-image size-large\"><a href=\"https:\/\/www.sv-weidenberg.de\/wp-content\/uploads\/23f03a96-97f4-40bd-8750-93a63fa11a78-2.jpg\"><img loading=\"lazy\" decoding=\"async\" width=\"1024\" height=\"508\" src=\"https:\/\/www.sv-weidenberg.de\/wp-content\/uploads\/23f03a96-97f4-40bd-8750-93a63fa11a78-2-1024x508.jpg\" alt=\"\" class=\"wp-image-10476\" srcset=\"https:\/\/www.sv-weidenberg.de\/wp-content\/uploads\/23f03a96-97f4-40bd-8750-93a63fa11a78-2-1024x508.jpg 1024w, https:\/\/www.sv-weidenberg.de\/wp-content\/uploads\/23f03a96-97f4-40bd-8750-93a63fa11a78-2-300x149.jpg 300w, https:\/\/www.sv-weidenberg.de\/wp-content\/uploads\/23f03a96-97f4-40bd-8750-93a63fa11a78-2-768x381.jpg 768w, https:\/\/www.sv-weidenberg.de\/wp-content\/uploads\/23f03a96-97f4-40bd-8750-93a63fa11a78-2-2x1.jpg 2w, https:\/\/www.sv-weidenberg.de\/wp-content\/uploads\/23f03a96-97f4-40bd-8750-93a63fa11a78-2.jpg 1080w\" sizes=\"auto, (max-width: 1024px) 100vw, 1024px\" \/><\/a><figcaption>Unsere U17-Juniorinnen &#8211; ein super Team auf, aber auch neben dem Platz<\/figcaption><\/figure>\n\n\n\n<h2 class=\"has-text-align-center has-vivid-red-color has-text-color wp-block-heading\" style=\"font-size:23px\">Die besten U15- und U17-Juniorinnen spielen bei uns!<\/h2>\n\n\n\n<p><span style=\"color: #000000;\">Anfang Januar wurden zun\u00e4chst in mehreren Gruppen Qualifikationsturniere ausgespielt,<\/span><br><span style=\"color: #000000;\">ehe Mitte Januar in Hof unter allen Qualifikanten die Titel der \u201e<em><strong>Oberfr\u00e4nkischen<\/strong><\/em><\/span><br><span style=\"color: #000000;\"><em><strong>Hallenbezirksmeister<\/strong><\/em>\u201c ermittelt wurden.<\/span><br><span style=\"color: #000000;\">Beide Juniorinnen-Mannschaften konnten sich ohne eine einzige Niederlage souver\u00e4n die<\/span><br><span style=\"color: #000000;\">Hallenkronen sichern und damit die Tickets f\u00fcr die Teilnahme an den Bayerischen<\/span><br><span style=\"color: #000000;\">Hallenmeisterschaften l\u00f6sen!<\/span><br><span style=\"color: #000000;\">Ein riesiger Erfolg f\u00fcr unsere Juniorinnen-Teams, auf die wir sehr stolz sind!<\/span><br><span style=\"color: #000000;\">Die Bayerische Hallenmeisterschaft der <span style=\"background-color: #ccffcc;\">U17-Juniorinnen wird am Samstag, 17.02. in<\/span><\/span><br><span style=\"color: #000000;\"><span style=\"background-color: #ccffcc;\">Regensburg<\/span> ausgespielt, und die Bayerische Hallenmeisterschaft der <span style=\"background-color: #ccffcc;\">U15-Juniorinnen am<\/span><\/span><br><span style=\"color: #000000;\"><span style=\"background-color: #ccffcc;\">24.02. in Stegaurach<\/span> bei Bamberg.<\/span><br><span style=\"color: #000000;\">Neben den Hallenmeistern der anderen Bezirke treten im U17-Turnier auch die drei<\/span><br><span style=\"color: #000000;\">Bundesliga-Mannschaften FC Bayern M\u00fcnchen, 1. FC N\u00fcrnberg und der FC Forstern an.<\/span><br><span style=\"color: #000000;\">Wir freuen uns auf spannende Spiele und dr\u00fccken unseren Juniorinnen die Daumen!<\/span><\/p>\n\n\n\n<figure class=\"wp-block-gallery has-nested-images columns-default is-cropped wp-block-gallery-1 is-layout-flex wp-block-gallery-is-layout-flex\">\n<figure class=\"wp-block-image size-large\"><a href=\"https:\/\/www.sv-weidenberg.de\/wp-content\/uploads\/1_U17-Ofr-BHM-2024-2-2.png\"><img loading=\"lazy\" decoding=\"async\" width=\"1024\" height=\"1024\" data-id=\"10607\" src=\"https:\/\/www.sv-weidenberg.de\/wp-content\/uploads\/1_U17-Ofr-BHM-2024-2-2-1024x1024.png\" alt=\"\" class=\"wp-image-10607\" srcset=\"https:\/\/www.sv-weidenberg.de\/wp-content\/uploads\/1_U17-Ofr-BHM-2024-2-2-1024x1024.png 1024w, https:\/\/www.sv-weidenberg.de\/wp-content\/uploads\/1_U17-Ofr-BHM-2024-2-2-300x300.png 300w, https:\/\/www.sv-weidenberg.de\/wp-content\/uploads\/1_U17-Ofr-BHM-2024-2-2-150x150.png 150w, https:\/\/www.sv-weidenberg.de\/wp-content\/uploads\/1_U17-Ofr-BHM-2024-2-2-768x768.png 768w, https:\/\/www.sv-weidenberg.de\/wp-content\/uploads\/1_U17-Ofr-BHM-2024-2-2-1x1.png 1w, https:\/\/www.sv-weidenberg.de\/wp-content\/uploads\/1_U17-Ofr-BHM-2024-2-2.png 1080w\" sizes=\"auto, (max-width: 1024px) 100vw, 1024px\" \/><\/a><\/figure>\n\n\n\n<figure class=\"wp-block-image size-large\"><a href=\"https:\/\/www.sv-weidenberg.de\/wp-content\/uploads\/2_U17-Ofr-BHM-2024-1-1.png\"><img loading=\"lazy\" decoding=\"async\" width=\"1024\" height=\"1024\" data-id=\"10606\" src=\"https:\/\/www.sv-weidenberg.de\/wp-content\/uploads\/2_U17-Ofr-BHM-2024-1-1-1024x1024.png\" alt=\"\" class=\"wp-image-10606\" srcset=\"https:\/\/www.sv-weidenberg.de\/wp-content\/uploads\/2_U17-Ofr-BHM-2024-1-1-1024x1024.png 1024w, https:\/\/www.sv-weidenberg.de\/wp-content\/uploads\/2_U17-Ofr-BHM-2024-1-1-300x300.png 300w, https:\/\/www.sv-weidenberg.de\/wp-content\/uploads\/2_U17-Ofr-BHM-2024-1-1-150x150.png 150w, https:\/\/www.sv-weidenberg.de\/wp-content\/uploads\/2_U17-Ofr-BHM-2024-1-1-768x768.png 768w, https:\/\/www.sv-weidenberg.de\/wp-content\/uploads\/2_U17-Ofr-BHM-2024-1-1-1x1.png 1w, https:\/\/www.sv-weidenberg.de\/wp-content\/uploads\/2_U17-Ofr-BHM-2024-1-1.png 1080w\" sizes=\"auto, (max-width: 1024px) 100vw, 1024px\" \/><\/a><\/figure>\n\n\n\n<figure class=\"wp-block-image size-large\"><a href=\"https:\/\/www.sv-weidenberg.de\/wp-content\/uploads\/3_U17-Gruppe-BHM-2024-1-scaled.jpg\"><img loading=\"lazy\" decoding=\"async\" width=\"1024\" height=\"1024\" data-id=\"10605\" src=\"https:\/\/www.sv-weidenberg.de\/wp-content\/uploads\/3_U17-Gruppe-BHM-2024-1-1024x1024.jpg\" alt=\"\" class=\"wp-image-10605\" srcset=\"https:\/\/www.sv-weidenberg.de\/wp-content\/uploads\/3_U17-Gruppe-BHM-2024-1-1024x1024.jpg 1024w, https:\/\/www.sv-weidenberg.de\/wp-content\/uploads\/3_U17-Gruppe-BHM-2024-1-300x300.jpg 300w, https:\/\/www.sv-weidenberg.de\/wp-content\/uploads\/3_U17-Gruppe-BHM-2024-1-150x150.jpg 150w, https:\/\/www.sv-weidenberg.de\/wp-content\/uploads\/3_U17-Gruppe-BHM-2024-1-768x768.jpg 768w, https:\/\/www.sv-weidenberg.de\/wp-content\/uploads\/3_U17-Gruppe-BHM-2024-1-1536x1536.jpg 1536w, https:\/\/www.sv-weidenberg.de\/wp-content\/uploads\/3_U17-Gruppe-BHM-2024-1-2048x2048.jpg 2048w, https:\/\/www.sv-weidenberg.de\/wp-content\/uploads\/3_U17-Gruppe-BHM-2024-1-1x1.jpg 1w\" sizes=\"auto, (max-width: 1024px) 100vw, 1024px\" \/><\/a><\/figure>\n<figcaption class=\"blocks-gallery-caption\">Unsere U17-Juniorinnen<\/figcaption><\/figure>\n\n\n\n<p><\/p>\n\n\n\n<figure class=\"wp-block-gallery has-nested-images columns-default is-cropped wp-block-gallery-2 is-layout-flex wp-block-gallery-is-layout-flex\">\n<figure class=\"wp-block-image size-large\"><a href=\"https:\/\/www.sv-weidenberg.de\/wp-content\/uploads\/4_U15-Ofr-HBM-2024-2-scaled.jpg\"><img loading=\"lazy\" decoding=\"async\" width=\"1024\" height=\"1022\" data-id=\"10610\" src=\"https:\/\/www.sv-weidenberg.de\/wp-content\/uploads\/4_U15-Ofr-HBM-2024-2-1024x1022.jpg\" alt=\"\" class=\"wp-image-10610\" srcset=\"https:\/\/www.sv-weidenberg.de\/wp-content\/uploads\/4_U15-Ofr-HBM-2024-2-1024x1022.jpg 1024w, https:\/\/www.sv-weidenberg.de\/wp-content\/uploads\/4_U15-Ofr-HBM-2024-2-300x300.jpg 300w, https:\/\/www.sv-weidenberg.de\/wp-content\/uploads\/4_U15-Ofr-HBM-2024-2-150x150.jpg 150w, https:\/\/www.sv-weidenberg.de\/wp-content\/uploads\/4_U15-Ofr-HBM-2024-2-768x767.jpg 768w, https:\/\/www.sv-weidenberg.de\/wp-content\/uploads\/4_U15-Ofr-HBM-2024-2-1536x1533.jpg 1536w, https:\/\/www.sv-weidenberg.de\/wp-content\/uploads\/4_U15-Ofr-HBM-2024-2-2048x2044.jpg 2048w, https:\/\/www.sv-weidenberg.de\/wp-content\/uploads\/4_U15-Ofr-HBM-2024-2-1x1.jpg 1w\" sizes=\"auto, (max-width: 1024px) 100vw, 1024px\" \/><\/a><\/figure>\n\n\n\n<figure class=\"wp-block-image size-large\"><a href=\"https:\/\/www.sv-weidenberg.de\/wp-content\/uploads\/5_U15-Ofr-HBM-2024-1.png\"><img loading=\"lazy\" decoding=\"async\" width=\"1024\" height=\"1024\" data-id=\"10609\" src=\"https:\/\/www.sv-weidenberg.de\/wp-content\/uploads\/5_U15-Ofr-HBM-2024-1-1024x1024.png\" alt=\"\" class=\"wp-image-10609\" srcset=\"https:\/\/www.sv-weidenberg.de\/wp-content\/uploads\/5_U15-Ofr-HBM-2024-1-1024x1024.png 1024w, https:\/\/www.sv-weidenberg.de\/wp-content\/uploads\/5_U15-Ofr-HBM-2024-1-300x300.png 300w, https:\/\/www.sv-weidenberg.de\/wp-content\/uploads\/5_U15-Ofr-HBM-2024-1-150x150.png 150w, https:\/\/www.sv-weidenberg.de\/wp-content\/uploads\/5_U15-Ofr-HBM-2024-1-768x768.png 768w, https:\/\/www.sv-weidenberg.de\/wp-content\/uploads\/5_U15-Ofr-HBM-2024-1-1x1.png 1w, https:\/\/www.sv-weidenberg.de\/wp-content\/uploads\/5_U15-Ofr-HBM-2024-1.png 1080w\" sizes=\"auto, (max-width: 1024px) 100vw, 1024px\" \/><\/a><\/figure>\n\n\n\n<figure class=\"wp-block-image size-large\"><a href=\"https:\/\/www.sv-weidenberg.de\/wp-content\/uploads\/6_U15-Gruppe-BHM-2024-scaled.jpg\"><img loading=\"lazy\" decoding=\"async\" width=\"1024\" height=\"1024\" data-id=\"10608\" src=\"https:\/\/www.sv-weidenberg.de\/wp-content\/uploads\/6_U15-Gruppe-BHM-2024-1024x1024.jpg\" alt=\"\" class=\"wp-image-10608\" srcset=\"https:\/\/www.sv-weidenberg.de\/wp-content\/uploads\/6_U15-Gruppe-BHM-2024-1024x1024.jpg 1024w, https:\/\/www.sv-weidenberg.de\/wp-content\/uploads\/6_U15-Gruppe-BHM-2024-300x300.jpg 300w, https:\/\/www.sv-weidenberg.de\/wp-content\/uploads\/6_U15-Gruppe-BHM-2024-150x150.jpg 150w, https:\/\/www.sv-weidenberg.de\/wp-content\/uploads\/6_U15-Gruppe-BHM-2024-768x768.jpg 768w, https:\/\/www.sv-weidenberg.de\/wp-content\/uploads\/6_U15-Gruppe-BHM-2024-1536x1536.jpg 1536w, https:\/\/www.sv-weidenberg.de\/wp-content\/uploads\/6_U15-Gruppe-BHM-2024-2048x2048.jpg 2048w, https:\/\/www.sv-weidenberg.de\/wp-content\/uploads\/6_U15-Gruppe-BHM-2024-1x1.jpg 1w\" sizes=\"auto, (max-width: 1024px) 100vw, 1024px\" \/><\/a><\/figure>\n<figcaption class=\"blocks-gallery-caption\">Unsere U15-Juniorinnen<\/figcaption><\/figure>\n\n\n\n<p class=\"has-text-align-center has-vivid-red-color has-text-color\"><strong>\ud83d\udc95<\/strong> \ud83e\udd73 \ud83e\udd49 <strong>Unsere U15 belegt den 3. Platz bei der Bayerischen Hallenmeisterschaft \ud83d\udc95<\/strong> \ud83e\udd73 \ud83e\udd49<\/p>\n\n\n\n<p class=\"has-text-align-center has-black-color has-text-color\">Unsere 15-JUNIORINNEN durften als OBERFR\u00c4NKISCHER HALLENMEISTER zur &#8222;BAYERISCHEN&#8220; nach Stegaurach reisen und unser sch\u00f6nes Oberfranken vertreten. <\/p>\n\n\n\n<p class=\"has-black-color has-text-color\">Ohne Niederlage (lediglich ein 1:1 Unentschieden gegen die Spielerinnen des <strong>FC Schweinfurt <\/strong>) wurde die Gruppenphase knapp auf dem 2. Platz beendet. Das Halbfinale gegen die <strong>SpVgg Greuther F\u00fcrth <\/strong>war auf Augenh\u00f6he und musste nach einem 0:0 in der regul\u00e4ren Spielzeit im 6m-Schie\u00dfen entschieden werden. Leider war die Aufregung zu gro\u00df und wir mussten uns mit 2:1 geschlagen geben. Auch im &#8222;<strong>kleinen Finale<\/strong>&#8220; musste wieder ein 6m-Schie\u00dfen die Entscheidung bringen. Dieses Mal aber abgekl\u00e4rter gespielt und deshalb auch mit <strong>3:2 F\u00dcR UNS<\/strong> entschieden!!!<\/p>\n\n\n\n<p class=\"has-text-align-center has-black-color has-text-color\">WAHNSINN! UNSERE M\u00c4DELS GEWINNEN BRONZE UND GEH\u00d6REN ZU DEN\ud83d\udd1d3\ufe0f\u20e3 IN BAYERN \ud83e\udd49\ud83e\udd73\ud83e\udd49\ud83e\udd73\ud83e\udd49<\/p>\n\n\n\n<figure class=\"wp-block-gallery has-nested-images columns-default is-cropped wp-block-gallery-3 is-layout-flex wp-block-gallery-is-layout-flex\">\n<figure class=\"wp-block-image size-large\"><a href=\"https:\/\/www.sv-weidenberg.de\/wp-content\/uploads\/WhatsApp-Image-2024-02-24-at-22.16.36.jpeg\"><img loading=\"lazy\" decoding=\"async\" width=\"1600\" height=\"720\" data-id=\"10694\" src=\"https:\/\/www.sv-weidenberg.de\/wp-content\/uploads\/WhatsApp-Image-2024-02-24-at-22.16.36.jpeg\" alt=\"\" class=\"wp-image-10694\" srcset=\"https:\/\/www.sv-weidenberg.de\/wp-content\/uploads\/WhatsApp-Image-2024-02-24-at-22.16.36.jpeg 1600w, https:\/\/www.sv-weidenberg.de\/wp-content\/uploads\/WhatsApp-Image-2024-02-24-at-22.16.36-300x135.jpeg 300w, https:\/\/www.sv-weidenberg.de\/wp-content\/uploads\/WhatsApp-Image-2024-02-24-at-22.16.36-1024x461.jpeg 1024w, https:\/\/www.sv-weidenberg.de\/wp-content\/uploads\/WhatsApp-Image-2024-02-24-at-22.16.36-768x346.jpeg 768w, https:\/\/www.sv-weidenberg.de\/wp-content\/uploads\/WhatsApp-Image-2024-02-24-at-22.16.36-1536x691.jpeg 1536w, https:\/\/www.sv-weidenberg.de\/wp-content\/uploads\/WhatsApp-Image-2024-02-24-at-22.16.36-2x1.jpeg 2w\" sizes=\"auto, (max-width: 1600px) 100vw, 1600px\" \/><\/a><\/figure>\n\n\n\n<figure class=\"wp-block-image size-large\"><a href=\"https:\/\/www.sv-weidenberg.de\/wp-content\/uploads\/WhatsApp-Image-2024-02-25-at-18.36.23-3.jpeg\"><img loading=\"lazy\" decoding=\"async\" width=\"1080\" height=\"1080\" data-id=\"10690\" src=\"https:\/\/www.sv-weidenberg.de\/wp-content\/uploads\/WhatsApp-Image-2024-02-25-at-18.36.23-3.jpeg\" alt=\"\" class=\"wp-image-10690\" srcset=\"https:\/\/www.sv-weidenberg.de\/wp-content\/uploads\/WhatsApp-Image-2024-02-25-at-18.36.23-3.jpeg 1080w, https:\/\/www.sv-weidenberg.de\/wp-content\/uploads\/WhatsApp-Image-2024-02-25-at-18.36.23-3-300x300.jpeg 300w, https:\/\/www.sv-weidenberg.de\/wp-content\/uploads\/WhatsApp-Image-2024-02-25-at-18.36.23-3-1024x1024.jpeg 1024w, https:\/\/www.sv-weidenberg.de\/wp-content\/uploads\/WhatsApp-Image-2024-02-25-at-18.36.23-3-150x150.jpeg 150w, https:\/\/www.sv-weidenberg.de\/wp-content\/uploads\/WhatsApp-Image-2024-02-25-at-18.36.23-3-768x768.jpeg 768w, https:\/\/www.sv-weidenberg.de\/wp-content\/uploads\/WhatsApp-Image-2024-02-25-at-18.36.23-3-1x1.jpeg 1w\" sizes=\"auto, (max-width: 1080px) 100vw, 1080px\" \/><\/a><\/figure>\n<\/figure>\n\n\n\n<p>    <\/p>\n\n\n\n\n\n<div class=\"wp-block-group alignfull has-background\" style=\"background-color:#f5eac1;padding-top:6vw;padding-right:6vw;padding-bottom:6vw;padding-left:6vw\"><div class=\"wp-block-group__inner-container is-layout-flow wp-block-group-is-layout-flow\">\n<p class=\"has-text-align-center has-vivid-red-color has-text-color\" style=\"font-size:28px\"><strong>Das Trainerteam<\/strong><\/p>\n\n\n\n<div class=\"wp-block-columns is-layout-flex wp-container-core-columns-is-layout-9d6595d7 wp-block-columns-is-layout-flex\">\n<div class=\"wp-block-column is-layout-flow wp-block-column-is-layout-flow\">\n<figure class=\"wp-block-image size-full\"><a href=\"https:\/\/www.sv-weidenberg.de\/wp-content\/uploads\/image-3.png\"><img loading=\"lazy\" decoding=\"async\" width=\"320\" height=\"453\" src=\"https:\/\/www.sv-weidenberg.de\/wp-content\/uploads\/image-3.png\" alt=\"\" class=\"wp-image-10641\" srcset=\"https:\/\/www.sv-weidenberg.de\/wp-content\/uploads\/image-3.png 320w, https:\/\/www.sv-weidenberg.de\/wp-content\/uploads\/image-3-212x300.png 212w, https:\/\/www.sv-weidenberg.de\/wp-content\/uploads\/image-3-1x1.png 1w\" sizes=\"auto, (max-width: 320px) 100vw, 320px\" \/><\/a><\/figure>\n<\/div>\n\n\n\n<div class=\"wp-block-column is-layout-flow wp-block-column-is-layout-flow\">\n<figure class=\"wp-block-image size-full\"><a href=\"https:\/\/www.sv-weidenberg.de\/wp-content\/uploads\/image-1-2.png\"><img loading=\"lazy\" decoding=\"async\" width=\"320\" height=\"453\" src=\"https:\/\/www.sv-weidenberg.de\/wp-content\/uploads\/image-1-2.png\" alt=\"\" class=\"wp-image-10575\" srcset=\"https:\/\/www.sv-weidenberg.de\/wp-content\/uploads\/image-1-2.png 320w, https:\/\/www.sv-weidenberg.de\/wp-content\/uploads\/image-1-2-212x300.png 212w, https:\/\/www.sv-weidenberg.de\/wp-content\/uploads\/image-1-2-1x1.png 1w\" sizes=\"auto, (max-width: 320px) 100vw, 320px\" \/><\/a><\/figure>\n<\/div>\n<\/div>\n\n\n\n<p class=\"has-text-align-center has-black-color has-text-color\"><strong>Kontakt:<\/strong><\/p>\n\n\n\n<p class=\"has-text-align-center has-black-color has-text-color\"><strong>Tanja:<\/strong>&nbsp;0171-7814030 \u2013 E-Mail: Tanja@moreth-online.de<\/p>\n\n\n\n<p class=\"has-text-align-center has-black-color has-text-color\"><strong>Robert:<\/strong>&nbsp;0173-3454799 \u2013 E-Mail: robert@moreth-online.de<\/p>\n<\/div><\/div>\n\n\n\n<div class=\"wp-block-media-text alignwide is-stacked-on-mobile\"><figure class=\"wp-block-media-text__media\"><img loading=\"lazy\" decoding=\"async\" width=\"1024\" height=\"1024\" src=\"https:\/\/www.sv-weidenberg.de\/wp-content\/uploads\/WhatsApp-Image-2024-02-15-at-11.50.59-1024x1024.jpeg\" alt=\"\" class=\"wp-image-10664 size-full\" srcset=\"https:\/\/www.sv-weidenberg.de\/wp-content\/uploads\/WhatsApp-Image-2024-02-15-at-11.50.59-1024x1024.jpeg 1024w, https:\/\/www.sv-weidenberg.de\/wp-content\/uploads\/WhatsApp-Image-2024-02-15-at-11.50.59-300x300.jpeg 300w, https:\/\/www.sv-weidenberg.de\/wp-content\/uploads\/WhatsApp-Image-2024-02-15-at-11.50.59-150x150.jpeg 150w, https:\/\/www.sv-weidenberg.de\/wp-content\/uploads\/WhatsApp-Image-2024-02-15-at-11.50.59-768x768.jpeg 768w, https:\/\/www.sv-weidenberg.de\/wp-content\/uploads\/WhatsApp-Image-2024-02-15-at-11.50.59-1x1.jpeg 1w, https:\/\/www.sv-weidenberg.de\/wp-content\/uploads\/WhatsApp-Image-2024-02-15-at-11.50.59.jpeg 1080w\" sizes=\"auto, (max-width: 1024px) 100vw, 1024px\" \/><\/figure><div class=\"wp-block-media-text__content\">\n<h3 style=\"text-align: center;\"><span style=\"color: #ff0000;\">Trainingszeiten<\/span><\/h3>\n<p style=\"text-align: center;\"><span style=\"color: #000000;\">Rasen Schulsportplatz St. Johannis <\/span><\/p>\n<p style=\"text-align: center;\"><span style=\"color: #000000;\">Mo 17:00 bis 18:30 Uhr&nbsp;<\/span><\/p>\n<p style=\"text-align: center;\"><span style=\"color: #000000;\"> Do 16:00 bis 17:30 Uhr (mit U13)<\/span><\/p>\n<p style=\"text-align: center;\"><span style=\"color: #000000;\"><strong>Hallensaison:<\/strong> Dreifachturnhalle Weidenberg<\/span><\/p>\n<p style=\"text-align: center;\"><span style=\"color: #000000;\">Do 17:30 bis 19:00 Uhr<\/span><\/p>\n<\/div><\/div>\n\n\n\n<p>\u00a0<\/p>\n<p>\u00a0<\/p>\n\n\n\n<div class=\"wp-block-buttons is-content-justification-center is-layout-flex wp-container-core-buttons-is-layout-16018d1d wp-block-buttons-is-layout-flex\">\n<div class=\"wp-block-button is-style-fill\"><a class=\"wp-block-button__link has-background\" href=\"\" style=\"background:linear-gradient(135deg,rgb(254,205,165) 0%,rgb(254,45,45) 35%,rgb(107,0,62) 100%)\" target=\"_blank\" rel=\"noreferrer noopener\">Folgt uns auf Instagram: instagram.com\/team_juniorinnen<\/a><\/div>\n<\/div>\n","protected":false},"excerpt":{"rendered":"<p>Seit der Saison 2021\/22 besteht zwischen dem TSV Bayreuth St. Johannis und dem SV Weidenberg eine Kooperation im Bereich des Frauen- und M\u00e4dchenfu\u00dfballs. Aktuell k\u00f6nnen wir in der U17 (Jahrgang 2007-2010) auf 21 M\u00e4dchen blicken, die motiviert ins Training kommen und bislang eine sehr erfolgreiche Saison in der Bezirksliga Ost auf dem Gro\u00dffeld spielen.&nbsp; Die [&hellip;]<\/p>\n","protected":false},"author":1,"featured_media":0,"parent":0,"menu_order":0,"comment_status":"closed","ping_status":"closed","template":"","meta":{"ngg_post_thumbnail":0,"footnotes":""},"class_list":["post-10436","page","type-page","status-publish","hentry"],"_links":{"self":[{"href":"https:\/\/www.sv-weidenberg.de\/index.php?rest_route=\/wp\/v2\/pages\/10436","targetHints":{"allow":["GET"]}}],"collection":[{"href":"https:\/\/www.sv-weidenberg.de\/index.php?rest_route=\/wp\/v2\/pages"}],"about":[{"href":"https:\/\/www.sv-weidenberg.de\/index.php?rest_route=\/wp\/v2\/types\/page"}],"author":[{"embeddable":true,"href":"https:\/\/www.sv-weidenberg.de\/index.php?rest_route=\/wp\/v2\/users\/1"}],"replies":[{"embeddable":true,"href":"https:\/\/www.sv-weidenberg.de\/index.php?rest_route=%2Fwp%2Fv2%2Fcomments&post=10436"}],"version-history":[{"count":12,"href":"https:\/\/www.sv-weidenberg.de\/index.php?rest_route=\/wp\/v2\/pages\/10436\/revisions"}],"predecessor-version":[{"id":10704,"href":"https:\/\/www.sv-weidenberg.de\/index.php?rest_route=\/wp\/v2\/pages\/10436\/revisions\/10704"}],"wp:attachment":[{"href":"https:\/\/www.sv-weidenberg.de\/index.php?rest_route=%2Fwp%2Fv2%2Fmedia&parent=10436"}],"curies":[{"name":"wp","href":"https:\/\/api.w.org\/{rel}","templated":true}]}}